{"id":20,"date":"2025-12-10T00:09:22","date_gmt":"2025-12-10T00:09:22","guid":{"rendered":"https:\/\/desku.listingprofis.site\/?page_id=20"},"modified":"2026-05-13T10:19:14","modified_gmt":"2026-05-13T10:19:14","slug":"impressum","status":"publish","type":"page","link":"https:\/\/albanisch-deutsch.ch\/de\/impressum\/","title":{"rendered":"Impressum"},"content":{"rendered":"<div data-elementor-type=\"wp-page\" data-elementor-id=\"20\" class=\"elementor elementor-20\" data-elementor-post-type=\"page\">\n\t\t\t\t<div class=\"elementor-element elementor-element-36e1698 e-flex e-con-boxed e-con e-parent\" data-id=\"36e1698\" data-element_type=\"container\" data-e-type=\"container\" data-settings=\"{&quot;background_background&quot;:&quot;classic&quot;}\">\n\t\t\t\t\t<div class=\"e-con-inner\">\n\t\t<div class=\"elementor-element elementor-element-db082cc e-con-full e-flex elementor-invisible e-con e-child\" data-id=\"db082cc\" data-element_type=\"container\" data-e-type=\"container\" data-settings=\"{&quot;animation&quot;:&quot;fadeInUp&quot;}\">\n\t\t\t\t<div class=\"elementor-element elementor-element-2ee10d8 elementor-widget elementor-widget-heading\" data-id=\"2ee10d8\" data-element_type=\"widget\" data-e-type=\"widget\" data-widget_type=\"heading.default\">\n\t\t\t\t\t<h1 class=\"elementor-heading-title elementor-size-default\">Impressum<\/h1>\t\t\t\t<\/div>\n\t\t\t\t<\/div>\n\t\t\t\t\t<\/div>\n\t\t\t\t<\/div>\n\t\t<div class=\"elementor-element elementor-element-d5d1c3d e-flex e-con-boxed e-con e-parent\" data-id=\"d5d1c3d\" data-element_type=\"container\" data-e-type=\"container\">\n\t\t\t\t\t<div class=\"e-con-inner\">\n\t\t<div class=\"elementor-element elementor-element-e7997d3 e-con-full e-flex e-con e-child\" data-id=\"e7997d3\" data-element_type=\"container\" data-e-type=\"container\">\n\t\t\t\t<div class=\"elementor-element elementor-element-b3bf7a1 elementor-widget elementor-widget-text-editor\" data-id=\"b3bf7a1\" data-element_type=\"widget\" data-e-type=\"widget\" data-widget_type=\"text-editor.default\">\n\t\t\t\t\t\t\t\t\t<p><strong>Verantwortlich f\u00fcr den Inhalt:<\/strong><\/p><p>Isuf Deskaj<br \/>Desku \u00dcbersetzungen<br \/>St-Alban-Ring 248<br \/>4052 Basel<br \/>Tel.: +41 76 2214 530<br \/>E-Mail: post@albanisch-deutsch.ch<\/p><p>UID: CH-135.007.115<\/p><p><strong>Rechtsform<\/strong><\/p><p>Desku \u00dcbersetzungen ist ein Einzelunternehmen.<\/p><p>\u00a0<\/p><p><strong>Offizielle Berufsbezeichnung<\/strong><\/p><p>Allgemein beeidigter Dolmetscher und erm\u00e4chtigter \u00dcbersetzer der albanischen Sprache<\/p><p>\u00d6ffentlich bestellter und beeidigter Urkunden\u00fcbersetzer der albanischen Sprache<\/p><p><strong>\u00a0<\/strong><\/p><p><strong>\u00a0<\/strong><strong>Haftungsausschlusserkl\u00e4rung<\/strong><\/p><p>F\u00fcr Inhalte externer Websites, die mit Links von unserer Website aus erreichbar sind, \u00fcbernehmen wir keine Haftung.<\/p><p>\u00a0<\/p><p><strong>Copyright<\/strong><\/p><p>Texte und Design dieser Website sind urheberrechtlich gesch\u00fctzt. Die Verwendung von Inhalten ohne eine ausdr\u00fcckliche schriftliche Erlaubnis stellen einen strafbaren Versto\u00df gegen das Urheberrecht dar.<\/p><p>Der Nutzung von im Rahmen der Impressumspflicht ver\u00f6ffentlichten Kontaktdaten durch Dritte zur \u00dcbersendung von nicht angeforderter <strong>Werbung<\/strong> und Informationsmaterialien wird hiermit <strong>widersprochen<\/strong>. Die Betreiber der Seiten behalten sich rechtliche Schritte im Falle der unverlangten Zusendung von Werbeinformationen, etwa durch Spam-Mails, Telemarketinganrufe, vor.<\/p><p>Die Europ\u00e4ische Kommission hat f\u00fcr Verbraucher eine Plattform zur Online-<strong>Streitbeilegung<\/strong> (OS-Plattform) bereitgestellt: https:\/\/ec.europa.eu\/consumers\/odr.<\/p><p>Sie k\u00f6nnen uns in diesem Zusammenhang unter E-Mail: post@albanisch-deutsch.ch erreichen.<\/p>\t\t\t\t\t\t\t\t<\/div>\n\t\t\t\t<\/div>\n\t\t\t\t\t<\/div>\n\t\t\t\t<\/div>\n\t\t\t\t<\/div>","protected":false},"excerpt":{"rendered":"<p>Verantwortlich f\u00fcr den Inhalt: Isuf DeskajDesku \u00dcbersetzungenSt-Alban-Ring 2484052 BaselTel.: +41 76 2214 530E-Mail: post@albanisch-deutsch.ch UID: CH-135.007.115 Rechtsform Desku \u00dcbersetzungen ist ein Einzelunternehmen. \u00a0 Offizielle Berufsbezeichnung Allgemein beeidigter Dolmetscher und erm\u00e4chtigter \u00dcbersetzer der albanischen Sprache \u00d6ffentlich bestellter und beeidigter Urkunden\u00fcbersetzer der albanischen Sprache \u00a0 \u00a0Haftungsausschlusserkl\u00e4rung F\u00fcr Inhalte externer Websites, die mit Links von unserer Website aus [&hellip;]<\/p>\n","protected":false},"author":1,"featured_media":0,"parent":0,"menu_order":0,"comment_status":"closed","ping_status":"closed","template":"","meta":{"footnotes":""},"class_list":["post-20","page","type-page","status-publish","hentry"],"yoast_head":"<!-- This site is optimized with the Yoast SEO plugin v27.6 - https:\/\/yoast.com\/product\/yoast-seo-wordpress\/ -->\n<title>Impressum - Desku \u00dcbersetzungen<\/title>\n<meta name=\"robots\" content=\"index, follow, max-snippet:-1, max-image-preview:large, max-video-preview:-1\" \/>\n<link rel=\"canonical\" href=\"https:\/\/albanisch-deutsch.ch\/de\/impressum\/\" \/>\n<meta property=\"og:locale\" content=\"de_DE\" \/>\n<meta property=\"og:type\" content=\"article\" \/>\n<meta property=\"og:title\" content=\"Impressum - Desku \u00dcbersetzungen\" \/>\n<meta property=\"og:description\" content=\"Verantwortlich f\u00fcr den Inhalt: Isuf DeskajDesku \u00dcbersetzungenSt-Alban-Ring 2484052 BaselTel.: +41 76 2214 530E-Mail: post@albanisch-deutsch.ch UID: CH-135.007.115 Rechtsform Desku \u00dcbersetzungen ist ein Einzelunternehmen. \u00a0 Offizielle Berufsbezeichnung Allgemein beeidigter Dolmetscher und erm\u00e4chtigter \u00dcbersetzer der albanischen Sprache \u00d6ffentlich bestellter und beeidigter Urkunden\u00fcbersetzer der albanischen Sprache \u00a0 \u00a0Haftungsausschlusserkl\u00e4rung F\u00fcr Inhalte externer Websites, die mit Links von unserer Website aus [&hellip;]\" \/>\n<meta property=\"og:url\" content=\"https:\/\/albanisch-deutsch.ch\/de\/impressum\/\" \/>\n<meta property=\"og:site_name\" content=\"Desku \u00dcbersetzungen\" \/>\n<meta property=\"article:modified_time\" content=\"2026-05-13T10:19:14+00:00\" \/>\n<meta name=\"twitter:card\" content=\"summary_large_image\" \/>\n<meta name=\"twitter:label1\" content=\"Gesch\u00e4tzte Lesezeit\" \/>\n\t<meta name=\"twitter:data1\" content=\"1\u00a0Minute\" \/>\n<script type=\"application\/ld+json\" class=\"yoast-schema-graph\">{\"@context\":\"https:\\\/\\\/schema.org\",\"@graph\":[{\"@type\":\"WebPage\",\"@id\":\"https:\\\/\\\/albanisch-deutsch.ch\\\/impressum\\\/\",\"url\":\"https:\\\/\\\/albanisch-deutsch.ch\\\/impressum\\\/\",\"name\":\"Impressum - Desku \u00dcbersetzungen\",\"isPartOf\":{\"@id\":\"https:\\\/\\\/albanisch-deutsch.ch\\\/#website\"},\"datePublished\":\"2025-12-10T00:09:22+00:00\",\"dateModified\":\"2026-05-13T10:19:14+00:00\",\"breadcrumb\":{\"@id\":\"https:\\\/\\\/albanisch-deutsch.ch\\\/impressum\\\/#breadcrumb\"},\"inLanguage\":\"de-CH\",\"potentialAction\":[{\"@type\":\"ReadAction\",\"target\":[\"https:\\\/\\\/albanisch-deutsch.ch\\\/impressum\\\/\"]}]},{\"@type\":\"BreadcrumbList\",\"@id\":\"https:\\\/\\\/albanisch-deutsch.ch\\\/impressum\\\/#breadcrumb\",\"itemListElement\":[{\"@type\":\"ListItem\",\"position\":1,\"name\":\"Home\",\"item\":\"https:\\\/\\\/albanisch-deutsch.ch\\\/\"},{\"@type\":\"ListItem\",\"position\":2,\"name\":\"Impressum\"}]},{\"@type\":\"WebSite\",\"@id\":\"https:\\\/\\\/albanisch-deutsch.ch\\\/#website\",\"url\":\"https:\\\/\\\/albanisch-deutsch.ch\\\/\",\"name\":\"Desku \u00dcbersetzungen\",\"description\":\"\",\"publisher\":{\"@id\":\"https:\\\/\\\/albanisch-deutsch.ch\\\/#organization\"},\"potentialAction\":[{\"@type\":\"SearchAction\",\"target\":{\"@type\":\"EntryPoint\",\"urlTemplate\":\"https:\\\/\\\/albanisch-deutsch.ch\\\/?s={search_term_string}\"},\"query-input\":{\"@type\":\"PropertyValueSpecification\",\"valueRequired\":true,\"valueName\":\"search_term_string\"}}],\"inLanguage\":\"de-CH\"},{\"@type\":\"Organization\",\"@id\":\"https:\\\/\\\/albanisch-deutsch.ch\\\/#organization\",\"name\":\"Desku \u00dcbersetzungen\",\"url\":\"https:\\\/\\\/albanisch-deutsch.ch\\\/\",\"logo\":{\"@type\":\"ImageObject\",\"inLanguage\":\"de-CH\",\"@id\":\"https:\\\/\\\/albanisch-deutsch.ch\\\/#\\\/schema\\\/logo\\\/image\\\/\",\"url\":\"https:\\\/\\\/albanisch-deutsch.ch\\\/wp-content\\\/uploads\\\/2026\\\/05\\\/Desku.jpg\",\"contentUrl\":\"https:\\\/\\\/albanisch-deutsch.ch\\\/wp-content\\\/uploads\\\/2026\\\/05\\\/Desku.jpg\",\"width\":400,\"height\":400,\"caption\":\"Desku \u00dcbersetzungen\"},\"image\":{\"@id\":\"https:\\\/\\\/albanisch-deutsch.ch\\\/#\\\/schema\\\/logo\\\/image\\\/\"}}]}<\/script>\n<!-- \/ Yoast SEO plugin. -->","yoast_head_json":{"title":"Impressum - Desku \u00dcbersetzungen","robots":{"index":"index","follow":"follow","max-snippet":"max-snippet:-1","max-image-preview":"max-image-preview:large","max-video-preview":"max-video-preview:-1"},"canonical":"https:\/\/albanisch-deutsch.ch\/de\/impressum\/","og_locale":"de_DE","og_type":"article","og_title":"Impressum - Desku \u00dcbersetzungen","og_description":"Verantwortlich f\u00fcr den Inhalt: Isuf DeskajDesku \u00dcbersetzungenSt-Alban-Ring 2484052 BaselTel.: +41 76 2214 530E-Mail: post@albanisch-deutsch.ch UID: CH-135.007.115 Rechtsform Desku \u00dcbersetzungen ist ein Einzelunternehmen. \u00a0 Offizielle Berufsbezeichnung Allgemein beeidigter Dolmetscher und erm\u00e4chtigter \u00dcbersetzer der albanischen Sprache \u00d6ffentlich bestellter und beeidigter Urkunden\u00fcbersetzer der albanischen Sprache \u00a0 \u00a0Haftungsausschlusserkl\u00e4rung F\u00fcr Inhalte externer Websites, die mit Links von unserer Website aus [&hellip;]","og_url":"https:\/\/albanisch-deutsch.ch\/de\/impressum\/","og_site_name":"Desku \u00dcbersetzungen","article_modified_time":"2026-05-13T10:19:14+00:00","twitter_card":"summary_large_image","twitter_misc":{"Gesch\u00e4tzte Lesezeit":"1\u00a0Minute"},"schema":{"@context":"https:\/\/schema.org","@graph":[{"@type":"WebPage","@id":"https:\/\/albanisch-deutsch.ch\/impressum\/","url":"https:\/\/albanisch-deutsch.ch\/impressum\/","name":"Impressum - Desku \u00dcbersetzungen","isPartOf":{"@id":"https:\/\/albanisch-deutsch.ch\/#website"},"datePublished":"2025-12-10T00:09:22+00:00","dateModified":"2026-05-13T10:19:14+00:00","breadcrumb":{"@id":"https:\/\/albanisch-deutsch.ch\/impressum\/#breadcrumb"},"inLanguage":"de-CH","potentialAction":[{"@type":"ReadAction","target":["https:\/\/albanisch-deutsch.ch\/impressum\/"]}]},{"@type":"BreadcrumbList","@id":"https:\/\/albanisch-deutsch.ch\/impressum\/#breadcrumb","itemListElement":[{"@type":"ListItem","position":1,"name":"Home","item":"https:\/\/albanisch-deutsch.ch\/"},{"@type":"ListItem","position":2,"name":"Impressum"}]},{"@type":"WebSite","@id":"https:\/\/albanisch-deutsch.ch\/#website","url":"https:\/\/albanisch-deutsch.ch\/","name":"Desku \u00dcbersetzungen","description":"","publisher":{"@id":"https:\/\/albanisch-deutsch.ch\/#organization"},"potentialAction":[{"@type":"SearchAction","target":{"@type":"EntryPoint","urlTemplate":"https:\/\/albanisch-deutsch.ch\/?s={search_term_string}"},"query-input":{"@type":"PropertyValueSpecification","valueRequired":true,"valueName":"search_term_string"}}],"inLanguage":"de-CH"},{"@type":"Organization","@id":"https:\/\/albanisch-deutsch.ch\/#organization","name":"Desku \u00dcbersetzungen","url":"https:\/\/albanisch-deutsch.ch\/","logo":{"@type":"ImageObject","inLanguage":"de-CH","@id":"https:\/\/albanisch-deutsch.ch\/#\/schema\/logo\/image\/","url":"https:\/\/albanisch-deutsch.ch\/wp-content\/uploads\/2026\/05\/Desku.jpg","contentUrl":"https:\/\/albanisch-deutsch.ch\/wp-content\/uploads\/2026\/05\/Desku.jpg","width":400,"height":400,"caption":"Desku \u00dcbersetzungen"},"image":{"@id":"https:\/\/albanisch-deutsch.ch\/#\/schema\/logo\/image\/"}}]}},"_links":{"self":[{"href":"https:\/\/albanisch-deutsch.ch\/de\/wp-json\/wp\/v2\/pages\/20","targetHints":{"allow":["GET"]}}],"collection":[{"href":"https:\/\/albanisch-deutsch.ch\/de\/wp-json\/wp\/v2\/pages"}],"about":[{"href":"https:\/\/albanisch-deutsch.ch\/de\/wp-json\/wp\/v2\/types\/page"}],"author":[{"embeddable":true,"href":"https:\/\/albanisch-deutsch.ch\/de\/wp-json\/wp\/v2\/users\/1"}],"replies":[{"embeddable":true,"href":"https:\/\/albanisch-deutsch.ch\/de\/wp-json\/wp\/v2\/comments?post=20"}],"version-history":[{"count":0,"href":"https:\/\/albanisch-deutsch.ch\/de\/wp-json\/wp\/v2\/pages\/20\/revisions"}],"wp:attachment":[{"href":"https:\/\/albanisch-deutsch.ch\/de\/wp-json\/wp\/v2\/media?parent=20"}],"curies":[{"name":"wp","href":"https:\/\/api.w.org\/{rel}","templated":true}]}}