{"id":14,"date":"2025-12-10T00:08:03","date_gmt":"2025-12-10T00:08:03","guid":{"rendered":"https:\/\/desku.listingprofis.site\/?page_id=14"},"modified":"2026-05-11T21:22:31","modified_gmt":"2026-05-11T21:22:31","slug":"oferte-per-perkthim","status":"publish","type":"page","link":"https:\/\/albanisch-deutsch.ch\/de\/oferte-per-perkthim\/","title":{"rendered":"Angebot f\u00fcr \u00dcbersetzung"},"content":{"rendered":"<div data-elementor-type=\"wp-page\" data-elementor-id=\"14\" class=\"elementor elementor-14\" data-elementor-post-type=\"page\">\n\t\t\t\t<div class=\"elementor-element elementor-element-14066f8 e-flex e-con-boxed e-con e-parent\" data-id=\"14066f8\" data-element_type=\"container\" data-e-type=\"container\" data-settings=\"{&quot;background_background&quot;:&quot;classic&quot;}\">\n\t\t\t\t\t<div class=\"e-con-inner\">\n\t\t<div class=\"elementor-element elementor-element-7d9e9fe e-con-full e-flex elementor-invisible e-con e-child\" data-id=\"7d9e9fe\" data-element_type=\"container\" data-e-type=\"container\" data-settings=\"{&quot;animation&quot;:&quot;fadeInUp&quot;}\">\n\t\t\t\t<div class=\"elementor-element elementor-element-a340ac6 elementor-widget elementor-widget-spacer\" data-id=\"a340ac6\" data-element_type=\"widget\" data-e-type=\"widget\" data-widget_type=\"spacer.default\">\n\t\t\t\t\t\t\t<div class=\"elementor-spacer\">\n\t\t\t<div class=\"elementor-spacer-inner\"><\/div>\n\t\t<\/div>\n\t\t\t\t\t\t<\/div>\n\t\t\t\t<\/div>\n\t\t\t\t\t<\/div>\n\t\t\t\t<\/div>\n\t\t<div class=\"elementor-element elementor-element-ea43750 e-flex e-con-boxed e-con e-parent\" data-id=\"ea43750\" data-element_type=\"container\" data-e-type=\"container\">\n\t\t\t\t\t<div class=\"e-con-inner\">\n\t\t<div class=\"elementor-element elementor-element-af26554 e-con-full e-flex e-con e-child\" data-id=\"af26554\" data-element_type=\"container\" data-e-type=\"container\">\n\t\t\t\t<div class=\"elementor-element elementor-element-da72be8 elementor-widget elementor-widget-heading\" data-id=\"da72be8\" data-element_type=\"widget\" data-e-type=\"widget\" data-widget_type=\"heading.default\">\n\t\t\t\t\t<h1 class=\"elementor-heading-title elementor-size-default\">Angebot f\u00fcr \u00dcbersetzung<\/h1>\t\t\t\t<\/div>\n\t\t\t\t<div class=\"elementor-element elementor-element-6840d07 elementor-widget elementor-widget-text-editor\" data-id=\"6840d07\" data-element_type=\"widget\" data-e-type=\"widget\" data-widget_type=\"text-editor.default\">\n\t\t\t\t\t\t\t\t\t<p>Ein detailliertes Angebot f\u00fcr Ihre angeforderte Leistung (\u00dcbersetzung, Dolmetschen) erhalten Sie umgehend <strong>nach Zusendung Ihrer Unterlagen<\/strong> per <strong>E-Mail.<\/strong>&nbsp;Schicken Sie die Unterlagen bitte <strong>im PDF-<\/strong> oder <strong>Word-Format<\/strong>&nbsp;ein, einschliesslich R\u00fcckseiten, wenn diese beschriftet bzw. mit einem Stempel oder einer Apostille versehen sind.<\/p><p>Alternativ k\u00f6nnen Sie mir Ihre Dokumente auch per Post zusenden.<\/p><p>Ich pr\u00fcfe Ihre Unterlagen und lasse Ihnen anschliessend ein individuelles Angebot mit Preis und Lieferzeit zukommen \u2013 selbstverst\u00e4ndlich v\u00f6llig unverbindlich<\/p>\t\t\t\t\t\t\t\t<\/div>\n\t\t\t\t<div class=\"elementor-element elementor-element-46e36e4 elementor-align-center elementor-widget elementor-widget-button\" data-id=\"46e36e4\" data-element_type=\"widget\" data-e-type=\"widget\" data-widget_type=\"button.default\">\n\t\t\t\t\t\t\t\t\t\t<a class=\"elementor-button elementor-button-link elementor-size-sm elementor-animation-float\" href=\"https:\/\/albanisch-deutsch.ch\/de\/kontakti\/\">\n\t\t\t\t\t\t<span class=\"elementor-button-content-wrapper\">\n\t\t\t\t\t\t\t\t\t<span class=\"elementor-button-text\">Jetzt unverbindliches Angebot anfordern<\/span>\n\t\t\t\t\t<\/span>\n\t\t\t\t\t<\/a>\n\t\t\t\t\t\t\t\t<\/div>\n\t\t\t\t<\/div>\n\t\t<div class=\"elementor-element elementor-element-b4bae58 e-con-full elementor-hidden-desktop elementor-hidden-tablet elementor-hidden-mobile e-flex e-con e-child\" data-id=\"b4bae58\" data-element_type=\"container\" data-e-type=\"container\" data-settings=\"{&quot;background_background&quot;:&quot;classic&quot;}\">\n\t\t\t\t<\/div>\n\t\t\t\t\t<\/div>\n\t\t\t\t<\/div>\n\t\t\t\t<\/div>","protected":false},"excerpt":{"rendered":"<p>Ofert\u00eb p\u00ebr p\u00ebrkthim Ju e merrni nj\u00eb ofert\u00eb t\u00eb detajuar p\u00ebr sh\u00ebrbimin e k\u00ebrkuar (p\u00ebrkthim, interpretim) menj\u00ebher\u00eb pas d\u00ebrgimit t\u00eb dokumenteve t\u00eb juaja p\u00ebrmes e-mail-it. Ju lutem m\u2019i d\u00ebrgoni dokumentet e juaja n\u00eb PDF ose n\u00eb Word, p\u00ebrfshir\u00eb faqet e pasme, n\u00ebse k\u00ebto jan\u00eb t\u00eb shkruara ose t\u00eb pajisura me nj\u00eb vul\u00eb apo apostil\u00eb. P\u00ebrndryshe [&hellip;]<\/p>\n","protected":false},"author":1,"featured_media":0,"parent":0,"menu_order":0,"comment_status":"closed","ping_status":"closed","template":"","meta":{"footnotes":""},"class_list":["post-14","page","type-page","status-publish","hentry"],"yoast_head":"<!-- This site is optimized with the Yoast SEO plugin v27.6 - https:\/\/yoast.com\/product\/yoast-seo-wordpress\/ -->\n<title>Ofert\u00eb p\u00ebr p\u00ebrkthim - Desku \u00dcbersetzungen<\/title>\n<meta name=\"robots\" content=\"index, follow, max-snippet:-1, max-image-preview:large, max-video-preview:-1\" \/>\n<link rel=\"canonical\" href=\"https:\/\/albanisch-deutsch.ch\/de\/oferte-per-perkthim\/\" \/>\n<meta property=\"og:locale\" content=\"de_DE\" \/>\n<meta property=\"og:type\" content=\"article\" \/>\n<meta property=\"og:title\" content=\"Ofert\u00eb p\u00ebr p\u00ebrkthim - Desku \u00dcbersetzungen\" \/>\n<meta property=\"og:description\" content=\"Ofert\u00eb p\u00ebr p\u00ebrkthim Ju e merrni nj\u00eb ofert\u00eb t\u00eb detajuar p\u00ebr sh\u00ebrbimin e k\u00ebrkuar (p\u00ebrkthim, interpretim) menj\u00ebher\u00eb pas d\u00ebrgimit t\u00eb dokumenteve t\u00eb juaja p\u00ebrmes e-mail-it. Ju lutem m\u2019i d\u00ebrgoni dokumentet e juaja n\u00eb PDF ose n\u00eb Word, p\u00ebrfshir\u00eb faqet e pasme, n\u00ebse k\u00ebto jan\u00eb t\u00eb shkruara ose t\u00eb pajisura me nj\u00eb vul\u00eb apo apostil\u00eb. P\u00ebrndryshe [&hellip;]\" \/>\n<meta property=\"og:url\" content=\"https:\/\/albanisch-deutsch.ch\/de\/oferte-per-perkthim\/\" \/>\n<meta property=\"og:site_name\" content=\"Desku \u00dcbersetzungen\" \/>\n<meta property=\"article:modified_time\" content=\"2026-05-11T21:22:31+00:00\" \/>\n<meta name=\"twitter:card\" content=\"summary_large_image\" \/>\n<meta name=\"twitter:label1\" content=\"Gesch\u00e4tzte Lesezeit\" \/>\n\t<meta name=\"twitter:data1\" content=\"2\u00a0Minuten\" \/>\n<script type=\"application\/ld+json\" class=\"yoast-schema-graph\">{\"@context\":\"https:\\\/\\\/schema.org\",\"@graph\":[{\"@type\":\"WebPage\",\"@id\":\"https:\\\/\\\/albanisch-deutsch.ch\\\/oferte-per-perkthim\\\/\",\"url\":\"https:\\\/\\\/albanisch-deutsch.ch\\\/oferte-per-perkthim\\\/\",\"name\":\"Ofert\u00eb p\u00ebr p\u00ebrkthim - Desku \u00dcbersetzungen\",\"isPartOf\":{\"@id\":\"https:\\\/\\\/albanisch-deutsch.ch\\\/#website\"},\"datePublished\":\"2025-12-10T00:08:03+00:00\",\"dateModified\":\"2026-05-11T21:22:31+00:00\",\"breadcrumb\":{\"@id\":\"https:\\\/\\\/albanisch-deutsch.ch\\\/oferte-per-perkthim\\\/#breadcrumb\"},\"inLanguage\":\"de-CH\",\"potentialAction\":[{\"@type\":\"ReadAction\",\"target\":[\"https:\\\/\\\/albanisch-deutsch.ch\\\/oferte-per-perkthim\\\/\"]}]},{\"@type\":\"BreadcrumbList\",\"@id\":\"https:\\\/\\\/albanisch-deutsch.ch\\\/oferte-per-perkthim\\\/#breadcrumb\",\"itemListElement\":[{\"@type\":\"ListItem\",\"position\":1,\"name\":\"Home\",\"item\":\"https:\\\/\\\/albanisch-deutsch.ch\\\/\"},{\"@type\":\"ListItem\",\"position\":2,\"name\":\"Ofert\u00eb p\u00ebr p\u00ebrkthim\"}]},{\"@type\":\"WebSite\",\"@id\":\"https:\\\/\\\/albanisch-deutsch.ch\\\/#website\",\"url\":\"https:\\\/\\\/albanisch-deutsch.ch\\\/\",\"name\":\"Desku \u00dcbersetzungen\",\"description\":\"\",\"publisher\":{\"@id\":\"https:\\\/\\\/albanisch-deutsch.ch\\\/#organization\"},\"potentialAction\":[{\"@type\":\"SearchAction\",\"target\":{\"@type\":\"EntryPoint\",\"urlTemplate\":\"https:\\\/\\\/albanisch-deutsch.ch\\\/?s={search_term_string}\"},\"query-input\":{\"@type\":\"PropertyValueSpecification\",\"valueRequired\":true,\"valueName\":\"search_term_string\"}}],\"inLanguage\":\"de-CH\"},{\"@type\":\"Organization\",\"@id\":\"https:\\\/\\\/albanisch-deutsch.ch\\\/#organization\",\"name\":\"Desku \u00dcbersetzungen\",\"url\":\"https:\\\/\\\/albanisch-deutsch.ch\\\/\",\"logo\":{\"@type\":\"ImageObject\",\"inLanguage\":\"de-CH\",\"@id\":\"https:\\\/\\\/albanisch-deutsch.ch\\\/#\\\/schema\\\/logo\\\/image\\\/\",\"url\":\"https:\\\/\\\/albanisch-deutsch.ch\\\/wp-content\\\/uploads\\\/2026\\\/05\\\/Desku.jpg\",\"contentUrl\":\"https:\\\/\\\/albanisch-deutsch.ch\\\/wp-content\\\/uploads\\\/2026\\\/05\\\/Desku.jpg\",\"width\":400,\"height\":400,\"caption\":\"Desku \u00dcbersetzungen\"},\"image\":{\"@id\":\"https:\\\/\\\/albanisch-deutsch.ch\\\/#\\\/schema\\\/logo\\\/image\\\/\"}}]}<\/script>\n<!-- \/ Yoast SEO plugin. -->","yoast_head_json":{"title":"Ofert\u00eb p\u00ebr p\u00ebrkthim - Desku \u00dcbersetzungen","robots":{"index":"index","follow":"follow","max-snippet":"max-snippet:-1","max-image-preview":"max-image-preview:large","max-video-preview":"max-video-preview:-1"},"canonical":"https:\/\/albanisch-deutsch.ch\/de\/oferte-per-perkthim\/","og_locale":"de_DE","og_type":"article","og_title":"Ofert\u00eb p\u00ebr p\u00ebrkthim - Desku \u00dcbersetzungen","og_description":"Ofert\u00eb p\u00ebr p\u00ebrkthim Ju e merrni nj\u00eb ofert\u00eb t\u00eb detajuar p\u00ebr sh\u00ebrbimin e k\u00ebrkuar (p\u00ebrkthim, interpretim) menj\u00ebher\u00eb pas d\u00ebrgimit t\u00eb dokumenteve t\u00eb juaja p\u00ebrmes e-mail-it. Ju lutem m\u2019i d\u00ebrgoni dokumentet e juaja n\u00eb PDF ose n\u00eb Word, p\u00ebrfshir\u00eb faqet e pasme, n\u00ebse k\u00ebto jan\u00eb t\u00eb shkruara ose t\u00eb pajisura me nj\u00eb vul\u00eb apo apostil\u00eb. P\u00ebrndryshe [&hellip;]","og_url":"https:\/\/albanisch-deutsch.ch\/de\/oferte-per-perkthim\/","og_site_name":"Desku \u00dcbersetzungen","article_modified_time":"2026-05-11T21:22:31+00:00","twitter_card":"summary_large_image","twitter_misc":{"Gesch\u00e4tzte Lesezeit":"2\u00a0Minuten"},"schema":{"@context":"https:\/\/schema.org","@graph":[{"@type":"WebPage","@id":"https:\/\/albanisch-deutsch.ch\/oferte-per-perkthim\/","url":"https:\/\/albanisch-deutsch.ch\/oferte-per-perkthim\/","name":"Ofert\u00eb p\u00ebr p\u00ebrkthim - Desku \u00dcbersetzungen","isPartOf":{"@id":"https:\/\/albanisch-deutsch.ch\/#website"},"datePublished":"2025-12-10T00:08:03+00:00","dateModified":"2026-05-11T21:22:31+00:00","breadcrumb":{"@id":"https:\/\/albanisch-deutsch.ch\/oferte-per-perkthim\/#breadcrumb"},"inLanguage":"de-CH","potentialAction":[{"@type":"ReadAction","target":["https:\/\/albanisch-deutsch.ch\/oferte-per-perkthim\/"]}]},{"@type":"BreadcrumbList","@id":"https:\/\/albanisch-deutsch.ch\/oferte-per-perkthim\/#breadcrumb","itemListElement":[{"@type":"ListItem","position":1,"name":"Home","item":"https:\/\/albanisch-deutsch.ch\/"},{"@type":"ListItem","position":2,"name":"Ofert\u00eb p\u00ebr p\u00ebrkthim"}]},{"@type":"WebSite","@id":"https:\/\/albanisch-deutsch.ch\/#website","url":"https:\/\/albanisch-deutsch.ch\/","name":"Desku \u00dcbersetzungen","description":"","publisher":{"@id":"https:\/\/albanisch-deutsch.ch\/#organization"},"potentialAction":[{"@type":"SearchAction","target":{"@type":"EntryPoint","urlTemplate":"https:\/\/albanisch-deutsch.ch\/?s={search_term_string}"},"query-input":{"@type":"PropertyValueSpecification","valueRequired":true,"valueName":"search_term_string"}}],"inLanguage":"de-CH"},{"@type":"Organization","@id":"https:\/\/albanisch-deutsch.ch\/#organization","name":"Desku \u00dcbersetzungen","url":"https:\/\/albanisch-deutsch.ch\/","logo":{"@type":"ImageObject","inLanguage":"de-CH","@id":"https:\/\/albanisch-deutsch.ch\/#\/schema\/logo\/image\/","url":"https:\/\/albanisch-deutsch.ch\/wp-content\/uploads\/2026\/05\/Desku.jpg","contentUrl":"https:\/\/albanisch-deutsch.ch\/wp-content\/uploads\/2026\/05\/Desku.jpg","width":400,"height":400,"caption":"Desku \u00dcbersetzungen"},"image":{"@id":"https:\/\/albanisch-deutsch.ch\/#\/schema\/logo\/image\/"}}]}},"_links":{"self":[{"href":"https:\/\/albanisch-deutsch.ch\/de\/wp-json\/wp\/v2\/pages\/14","targetHints":{"allow":["GET"]}}],"collection":[{"href":"https:\/\/albanisch-deutsch.ch\/de\/wp-json\/wp\/v2\/pages"}],"about":[{"href":"https:\/\/albanisch-deutsch.ch\/de\/wp-json\/wp\/v2\/types\/page"}],"author":[{"embeddable":true,"href":"https:\/\/albanisch-deutsch.ch\/de\/wp-json\/wp\/v2\/users\/1"}],"replies":[{"embeddable":true,"href":"https:\/\/albanisch-deutsch.ch\/de\/wp-json\/wp\/v2\/comments?post=14"}],"version-history":[{"count":0,"href":"https:\/\/albanisch-deutsch.ch\/de\/wp-json\/wp\/v2\/pages\/14\/revisions"}],"wp:attachment":[{"href":"https:\/\/albanisch-deutsch.ch\/de\/wp-json\/wp\/v2\/media?parent=14"}],"curies":[{"name":"wp","href":"https:\/\/api.w.org\/{rel}","templated":true}]}}